{"id":3,"date":"2018-10-05T16:39:46","date_gmt":"2018-10-05T14:39:46","guid":{"rendered":"http:\/\/utilities.dgsspa.com\/VetrinaUtilities\/?page_id=3"},"modified":"2021-05-25T17:23:55","modified_gmt":"2021-05-25T15:23:55","slug":"privacy-policy","status":"publish","type":"page","link":"https:\/\/utilities.dgsspa.com\/index.php\/privacy-policy\/","title":{"rendered":"PRIVACY POLICY"},"content":{"rendered":"\n<style type=\"text\/css\" data-created_by=\"avia_inline_auto\" id=\"style-css-av-2tjx-9d602461571f1764f748d45682f0729d\">\n#top .av-special-heading.av-2tjx-9d602461571f1764f748d45682f0729d{\npadding-bottom:10px;\nfont-size:32px;\n}\nbody .av-special-heading.av-2tjx-9d602461571f1764f748d45682f0729d .av-special-heading-tag .heading-char{\nfont-size:25px;\n}\n#top #wrap_all .av-special-heading.av-2tjx-9d602461571f1764f748d45682f0729d .av-special-heading-tag{\nfont-size:32px;\n}\n.av-special-heading.av-2tjx-9d602461571f1764f748d45682f0729d .av-subheading{\nfont-size:15px;\n}\n\n@media only screen and (min-width: 480px) and (max-width: 767px){ \n#top #wrap_all .av-special-heading.av-2tjx-9d602461571f1764f748d45682f0729d .av-special-heading-tag{\nfont-size:0.8em;\n}\n}\n\n@media only screen and (max-width: 479px){ \n#top #wrap_all .av-special-heading.av-2tjx-9d602461571f1764f748d45682f0729d .av-special-heading-tag{\nfont-size:0.8em;\n}\n}\n<\/style>\n<div  class='av-special-heading av-2tjx-9d602461571f1764f748d45682f0729d av-special-heading-h3 blockquote modern-quote modern-centered  avia-builder-el-0  el_before_av_hr  avia-builder-el-first  av-inherit-size av-linked-heading'><h3 class='av-special-heading-tag '  >PRIVACY POLICY del sito web @UTILITIES<\/h3><div class=\"special-heading-border\"><div class=\"special-heading-inner-border\"><\/div><\/div><\/div>\n\n<style type=\"text\/css\" data-created_by=\"avia_inline_auto\" id=\"style-css-av-jzwiy3pt-0d7e478b39538d4ff763aeeeec90c44c\">\n#top .hr.av-jzwiy3pt-0d7e478b39538d4ff763aeeeec90c44c{\nmargin-top:10px;\nmargin-bottom:18px;\n}\n.hr.av-jzwiy3pt-0d7e478b39538d4ff763aeeeec90c44c .hr-inner{\nwidth:70px;\nborder-color:#4f4b4a;\n}\n<\/style>\n<div  class='hr av-jzwiy3pt-0d7e478b39538d4ff763aeeeec90c44c hr-custom  avia-builder-el-1  el_after_av_heading  el_before_av_textblock  hr-center hr-icon-no'><span class='hr-inner inner-border-av-border-thin'><span class=\"hr-inner-style\"><\/span><\/span><\/div>\n<section  class='av_textblock_section av-jzwj1kny-1d84e22b5468957d745accf2929d49c1 '  ><div class='avia_textblock' ><p>La Societ\u00e0 <strong>DGS SPA<\/strong> considera molto seriamente la privacy dell\u2019utente e si impegna a rispettarla nei termini previsti dalle normative applicabili (Regolamento (UE) 2016\/679.<\/p>\n<p>La presente <em><strong>Privacy Policy<\/strong><\/em> fornisce informazioni sul trattamento dei dati personali raccolti tramite questo sito web o mediante i contatti in questo indicati e pertanto costituisce informativa agli interessati ai sensi delle predette normative.<\/p>\n<p>Ove necessario, nelle pagine relative ai singoli servizi offerti sono presenti specifiche informative sul trattamento dei dati personali redatte al fine di definire finalit\u00e0 e modalit\u00e0 del trattamento dei dati di ciascun servizio riferimento ai trattamenti ivi descritti, l\u2019interessato potr\u00e0 esprimere liberamente il proprio consenso al trattamento.<\/p>\n<h4>Utilizzo da parte dei minori<\/h4>\n<p>Il Servizio non \u00e8 rivolto a soggetti minori di et\u00e0; <strong>DGS SPA<\/strong> chiede che tali soggetti non forniscano informazioni personali attraverso il Servizio. Se il proprio figlio ha inviato informazioni personali e si desidera richiedere la rimozione di tali informazioni, pu\u00f2 contattare il Titolare come indicato di seguito. In ogni caso il Titolare provveder\u00e0 immediatamente alla cancellazione del dati nel momento in cui ne venisse a conoscenza.<\/p>\n<h4>Il Titolare del trattamento<\/h4>\n<p>Il Titolare del trattamento \u00e8 DGS SPA con sede legale in via Paolo Di Dono,73 &#8211; 00142 RM, Partita IVA 03318271214, in persona del suo legale rappresentante VINCENZO FIENGO, indirizzo email: <a href=\"mailto:privacy@dgsspa.com\">privacy@dgsspa.com<\/a>, PEC: <a href=\"mailto:dgsspa@pec.it\">dgsspa@pec.it<\/a>.<\/p>\n<h4>Quali dati trattiamo<\/h4>\n<p>Potranno essere oggetto di trattamento le categorie di dati:<\/p>\n<ul>\n<li>\n<h6>Dati forniti volontariamente dall\u2019utente<\/h6>\n<\/li>\n<\/ul>\n<p>Si tratta di dati personali (ad esempio dati anagrafici, indirizzo, email) rilasciati liberamente dall\u2019utente per accedere a determinati servizi erogati dal sito (ad esempio: registrazione ad aree riservate, richieste di contatto, o comunque rilasciati per richieste di informazioni inviate al Titolare.<\/p>\n<p>L\u2019erogazione dei servizi, comporta l\u2019acquisizione da parte del Titolare dell\u2019indirizzo email del mittente e\/o di altri eventuali dati personali che verranno trattati esclusivamente per rispondere alla richiesta o dar seguito alla Sua segnalazione.<br \/>\nPer l\u2019accesso all\u2019Area tracking saranno trattati i dati (indirizzo email, credenziali di accesso) a Lei associati in fase di conferimento dell\u2019accesso all\u2019area Riservata.<\/p>\n<p>Il loro mancato conferimento pu\u00f2 comportare l\u2019impossibilit\u00e0 di ottenere il servizio richiesto.<\/p>\n<p><strong>Apposite informative e richiesta di consenso, ove previsto, sono riportate nelle pagine del Sito dedicate ai servizi specifici.<\/strong><\/p>\n<ul>\n<li>\n<h6>Dati di acquisizione automatica (\u201cDati di navigazione\u201d e \u201cCookies\u201d).<\/h6>\n<\/li>\n<\/ul>\n<p><strong>Dati di navigazione<\/strong><\/p>\n<p>I sistemi informatici e le procedure software preposte al funzionamento del Sito acquisiscono, nel corso del loro normale esercizio, alcuni dati personali (quali gli indirizzi IP o i nomi di dominio dei computer utilizzati dagli utenti, le pagine visitate e la data\/ora della visita) la cui trasmissione \u00e8 implicita nell\u2019uso dei protocolli di comunicazione di Internet. Si tratta di informazioni che non sono raccolte per essere associate a interessati identificati ma che per loro stessa natura potrebbero, attraverso elaborazioni e associazioni con dati detenuti da terzi, permettere di identificare gli utenti.<br \/>\nQuesti dati vengono utilizzati al solo fine di ricavare informazioni statistiche anonime sull\u2019uso del Sito e per controllarne il corretto funzionamento. I dati potrebbero essere utilizzati per l\u2019accertamento di responsabilit\u00e0 in caso di ipotetici reati informatici a danno del Sito: salva questa eventualit\u00e0 i dati sui contatti web non persistono per pi\u00f9 di 30 giorni.<\/p>\n<p><strong>Cookies<\/strong><\/p>\n<p>Per rendere la navigazione sul presente Sito pi\u00f9 efficiente ed immediata, durante l\u2019accesso degli utenti al presente Sito web, si fa uso di cookie: stringhe di testo di piccola dimensione che consentono di mantenere la connessione al Sito.<br \/>\nPer maggiori informazioni vedi la nostra <a href=\"https:\/\/utilities.dgsspa.com\/index.php\/cookie-policy\/\" target=\"_blank\" rel=\"noopener\">Cookie Policy<\/a><\/p>\n<h4>Finalit\u00e0 e modalit\u00e0 del trattamento<\/h4>\n<p>Nella tabella sottostante sono dettagliate le finalit\u00e0 e la base giuridica del trattamento<\/p>\n<p>Nella tabella sottostante sono dettagliate le finalit\u00e0 e la base giuridica del trattamento<\/p>\n<table>\n<tbody>\n<tr>\n<td width=\"401\">FINALITA\u2019 TRATTAMENTO DATI PERSONALI<\/td>\n<td width=\"401\">BASE GIURIDICA<\/td>\n<\/tr>\n<tr>\n<td width=\"401\">Gestione, corretto funzionamento, uso e consultazione del sito <em>[Dati comuni]<\/em><\/td>\n<td width=\"401\">Interesse legittimo del Titolare [art.6.1f]<\/td>\n<\/tr>\n<tr>\n<td width=\"401\">Gestione richiesta di contatti <em>[Dati comuni]<\/em><\/td>\n<td width=\"401\">Rilascio del consenso da parte dell\u2019Interessato [art.6.1a] (<em>intenso anche come atto positivo inequivocabile<\/em>)<\/td>\n<\/tr>\n<tr>\n<td width=\"401\">Gestione Richiesta Demo<\/td>\n<td width=\"401\">Esecuzione di un contratto o esecuzione di misure precontrattuali [art. 6.1b)<\/td>\n<\/tr>\n<tr>\n<td width=\"401\">Accesso Area Riservata Clienti<\/td>\n<td width=\"401\">Esecuzione di un contratto o esecuzione di misure precontrattuali [art. 6.1b)<\/td>\n<\/tr>\n<tr>\n<td width=\"401\">Osservanza specifici obblighi previsti dalla legge o da altre norme vincolanti<\/td>\n<td width=\"401\">Adempimento degli obblighi d legge [art.6.1c]<\/td>\n<\/tr>\n<\/tbody>\n<\/table>\n<p>Il trattamento delle informazioni personali che La riguardano sar\u00e0 improntato ai principi di correttezza, liceit\u00e0 e trasparenza e di tutela della Sua riservatezza e dei Suoi diritti.<br \/>\nIl trattamento sar\u00e0 effettuato su supporto informatico e cartaceo ed inoltre i Suoi dati sono oggetto di raccolta ed archiviazione sia in banche dati informatiche che in archivi cartacei.<br \/>\nIl trattamento sar\u00e0 effettuato rispettando ed applicando le misure di sicurezza idonee a salvaguardare la riservatezza, l\u2019integrit\u00e0 e la completezza dei dati trattati, secondo quanto disposto dall\u2019articolo 32 del GDPR ed in conformit\u00e0 alle istruzioni impartite dal Titolare del trattamento.<\/p>\n<h4>Durata del trattamento<\/h4>\n<p>I dati saranno conservati per il periodo strettamente necessario al conseguimento delle finalit\u00e0 per cui sono stati raccolti, come indicato nelle specifiche Informative presenti nelle relative aree del sito. In ogni caso il criterio utilizzato per determinare tale periodo \u00e8 improntato al rispetto dei termini consentiti dalle leggi applicabili e dai principi di minimizzazione del trattamento, limitazione di conservazione e di razionale gestione degli archivi.<\/p>\n<h4>Accesso ai dati e comunicazione<\/h4>\n<p>I Suoi dati personali potranno essere trattati dal Titolare e dalle persone dallo stesso autorizzate che necessitino di trattarli nello svolgimento delle relative mansioni debitamente istruiti al rispetto dei principi di protezione dei dati personali.<\/p>\n<p>Inoltre i dati potranno essere trattati da soggetti terzi che abbiano necessit\u00e0 di conoscerli a causa della propria attivit\u00e0 o mansione per le finalit\u00e0 sopra illustrate (quali ad esempio: societ\u00e0 del gruppo, fornitori di servizi IT o gestione sito web aziendale, consulenti e fornitori nell\u2019ambito dell\u2019erogazione di servizi di natura commerciale, professionale e tecnica connessi alle funzioni del sito).In tal caso i soggetti terzi potranno essere individuati tra coloro che per esperienza, capacit\u00e0 e affidabilit\u00e0 forniscano idonea garanzia del pieno rispetto delle vigenti disposizioni in materia di trattamento, ivi compreso il profilo della sicurezza.<\/p>\n<p>Tali soggetti potranno essere designati quali Responsabili esterni del trattamento ed il loro elenco aggiornato \u00e8 disponibile in ogni momento contattando il Titolare.<\/p>\n<p>Nel caso di eventuale trasferimento dei Dati verso Paesi Terzi, tra cui Paesi che potrebbero non garantire il medesimo livello di tutela previsto dalla Normativa Privacy applicabile, il Titolare rende noto che il trattamento avverr\u00e0 comunque secondo una delle modalit\u00e0 consentite dal Regolamento, quali ad esempio il Suo consenso, l\u2019adozione di Clausole Standard approvate dalla Commissione Europea, la selezione di soggetti aderenti a programmi internazionali per la libera circolazione dei dati o operanti in Paesi considerati sicuri dalla Commissione Europea.<\/p>\n<h4>Sicurezza dei dati<\/h4>\n<p>I Suoi dati personali saranno trattati con strumenti automatizzati per il tempo strettamente necessario a conseguire gli scopi per cui sono stati raccolti e nel rispetto del principio di necessit\u00e0 e proporzionalit\u00e0, evitando di trattare dati personali qualora le operazioni possano essere realizzate mediante l&#8217;uso di dati anonimi o mediante altre modalit\u00e0. Abbiamo adottato specifiche misure di sicurezza per prevenire la perdita dei dati personali, usi illeciti o non corretti ed accessi non autorizzati ma la preghiamo di non dimenticare che \u00e8 essenziale per la sicurezza dei suoi dati che il suo dispositivo sia dotato di strumenti quali antivirus costantemente aggiornati e che il provider che le fornisce la connessione ad Internet garantisca la trasmissione sicura dei dati in attraverso firewalls, filtri antispamming e analoghi presidi.<\/p>\n<p>Condivisione dei dati tramite Social Network<\/p>\n<p>Qualora Lei decida di condividere alcuni contenuti tramite uno o pi\u00f9 social network (Linkedin, Twitter Facebook) i Siti potrebbero accedere ad alcune informazioni del suo account se ha attivato la condivisione di dati del Suo account con applicazioni di terze parti. Pu\u00f2 disattivare la condivisione di dati del Suo account con applicazioni di terze parti accedendo alle impostazioni del Suo account. Per maggiori informazioni La invitiamo a consultare il sito internet del\/dei social network ai quali \u00e8 iscritto (<a href=\"http:\/\/www.linkedin.com\">www.linkedin.com<\/a>, <a href=\"http:\/\/www.facebook.com\">www.facebook.com<\/a>, <a href=\"http:\/\/www.twitter.com\">www.twitter.com<\/a>).<\/p>\n<h4>Esercizio dei diritti<\/h4>\n<p>Lei potr\u00e0, in qualsiasi momento, esercitare i diritti riconosciuti dagli artt. 15-22. del Regolamento EU 679\/2016.<\/p>\n<p>In particolare, ove previsto, potr\u00e0 ottenere dal sopra indicato Titolare del trattamento che i Suoi dati personali siano messi a Sua disposizione in forma intelligibile; potr\u00e0 altres\u00ec ottenere la cancellazione, la trasformazione in forma anonima o il blocco dei dati trattati in violazione di legge, l\u2019aggiornamento, la rettificazione o, se vi \u00e8 interesse, l\u2019integrazione dei dati stessi, o avvalersi della portabilit\u00e0 di questi; potr\u00e0 altres\u00ec opporsi, per motivi legittimi, al trattamento<\/p>\n<p>Ove prestato, potr\u00e0 revocare il Suo consenso in qualsiasi momento, senza che ci\u00f2 pregiudichi la liceit\u00e0 del trattamento effettuato anteriormente alla revoca del consenso.<\/p>\n<p>Qualora ritenesse che tali Suoi diritti siano stati violati potr\u00e0 proporre reclamo all\u2019Autorit\u00e0 Garante per la protezione dei dati personali o altra autorit\u00e0 competente.<\/p>\n<h4>Dati di contatto del Titolare<\/h4>\n<p>Al titolare del trattamento Lei potr\u00e0 rivolgersi per far valere i Suoi diritti cos\u00ec come sopra descritti Inviando una comunicazione a:<br \/>\nDGS S.p.A.<br \/>\nvia Paolo di Dono, 73 \u2013 00142 RM<br \/>\nIndirizzo email: <a href=\"mailto:privacy@dgsspa.com\">privacy@dgsspa.com<\/a>, PEC: <a href=\"mailto:dgsspa@pec.it\">dgsspa@pec.it<\/a><\/p>\n<p>Il Titolare potrebbe apportare delle modifiche alla presente Privacy Policy. Tutte le modifiche apportate entreranno in vigore non appena sar\u00e0 pubblicata sul Servizio la versione rivista della presente Privacy Policy. L\u2019utilizzo del Servizio in seguito a queste modifiche costituir\u00e0 l\u2019accettazione dell\u2019utente della Privacy Policy aggiornata. Il Titolare consiglia di consultare regolarmente la Privacy Policy quando si visita il Servizio.<\/p>\n<p>L\u2019ultimo aggiornamento della presente Privacy Policy \u00e8 stato eseguito il 18 Maggio 2021<\/p>\n<\/div><\/section>\n","protected":false},"excerpt":{"rendered":"","protected":false},"author":1,"featured_media":0,"parent":0,"menu_order":0,"comment_status":"closed","ping_status":"open","template":"","meta":{"footnotes":""},"class_list":["post-3","page","type-page","status-publish","hentry"],"yoast_head":"<!-- This site is optimized with the Yoast SEO plugin v27.5 - https:\/\/yoast.com\/product\/yoast-seo-wordpress\/ -->\r\n<title>PRIVACY POLICY - DGS Utilities<\/title>\r\n<meta name=\"robots\" content=\"index, follow, max-snippet:-1, max-image-preview:large, max-video-preview:-1\" \/>\r\n<link rel=\"canonical\" href=\"https:\/\/utilities.dgsspa.com\/index.php\/privacy-policy\/\" \/>\r\n<meta property=\"og:locale\" content=\"it_IT\" \/>\r\n<meta property=\"og:type\" content=\"article\" \/>\r\n<meta property=\"og:title\" content=\"PRIVACY POLICY - DGS Utilities\" \/>\r\n<meta property=\"og:url\" content=\"https:\/\/utilities.dgsspa.com\/index.php\/privacy-policy\/\" \/>\r\n<meta property=\"og:site_name\" content=\"DGS Utilities\" \/>\r\n<meta property=\"article:modified_time\" content=\"2021-05-25T15:23:55+00:00\" \/>\r\n<meta name=\"twitter:card\" content=\"summary_large_image\" \/>\r\n<meta name=\"twitter:label1\" content=\"Tempo di lettura stimato\" \/>\n\t<meta name=\"twitter:data1\" content=\"9 minuti\" \/>\r\n<script type=\"application\/ld+json\" class=\"yoast-schema-graph\">{\"@context\":\"https:\\\/\\\/schema.org\",\"@graph\":[{\"@type\":\"WebPage\",\"@id\":\"https:\\\/\\\/utilities.dgsspa.com\\\/index.php\\\/privacy-policy\\\/\",\"url\":\"https:\\\/\\\/utilities.dgsspa.com\\\/index.php\\\/privacy-policy\\\/\",\"name\":\"PRIVACY POLICY - DGS Utilities\",\"isPartOf\":{\"@id\":\"https:\\\/\\\/utilities.dgsspa.com\\\/#website\"},\"datePublished\":\"2018-10-05T14:39:46+00:00\",\"dateModified\":\"2021-05-25T15:23:55+00:00\",\"breadcrumb\":{\"@id\":\"https:\\\/\\\/utilities.dgsspa.com\\\/index.php\\\/privacy-policy\\\/#breadcrumb\"},\"inLanguage\":\"it-IT\",\"potentialAction\":[{\"@type\":\"ReadAction\",\"target\":[\"https:\\\/\\\/utilities.dgsspa.com\\\/index.php\\\/privacy-policy\\\/\"]}]},{\"@type\":\"BreadcrumbList\",\"@id\":\"https:\\\/\\\/utilities.dgsspa.com\\\/index.php\\\/privacy-policy\\\/#breadcrumb\",\"itemListElement\":[{\"@type\":\"ListItem\",\"position\":1,\"name\":\"Home\",\"item\":\"https:\\\/\\\/utilities.dgsspa.com\\\/\"},{\"@type\":\"ListItem\",\"position\":2,\"name\":\"PRIVACY POLICY\"}]},{\"@type\":\"WebSite\",\"@id\":\"https:\\\/\\\/utilities.dgsspa.com\\\/#website\",\"url\":\"https:\\\/\\\/utilities.dgsspa.com\\\/\",\"name\":\"DGS Utilities\",\"description\":\"SUITE PER AZIENDE DI DISTRIBUZIONE GAS VENDITA GAS ED ENERGIA ELETTRICA\",\"publisher\":{\"@id\":\"https:\\\/\\\/utilities.dgsspa.com\\\/#organization\"},\"potentialAction\":[{\"@type\":\"SearchAction\",\"target\":{\"@type\":\"EntryPoint\",\"urlTemplate\":\"https:\\\/\\\/utilities.dgsspa.com\\\/?s={search_term_string}\"},\"query-input\":{\"@type\":\"PropertyValueSpecification\",\"valueRequired\":true,\"valueName\":\"search_term_string\"}}],\"inLanguage\":\"it-IT\"},{\"@type\":\"Organization\",\"@id\":\"https:\\\/\\\/utilities.dgsspa.com\\\/#organization\",\"name\":\"DGS Utilities\",\"url\":\"https:\\\/\\\/utilities.dgsspa.com\\\/\",\"logo\":{\"@type\":\"ImageObject\",\"inLanguage\":\"it-IT\",\"@id\":\"https:\\\/\\\/utilities.dgsspa.com\\\/#\\\/schema\\\/logo\\\/image\\\/\",\"url\":\"https:\\\/\\\/utilities.dgsspa.com\\\/wp-content\\\/uploads\\\/2025\\\/02\\\/LOGO_UTILITIES_DARK.jpg\",\"contentUrl\":\"https:\\\/\\\/utilities.dgsspa.com\\\/wp-content\\\/uploads\\\/2025\\\/02\\\/LOGO_UTILITIES_DARK.jpg\",\"width\":1920,\"height\":1080,\"caption\":\"DGS Utilities\"},\"image\":{\"@id\":\"https:\\\/\\\/utilities.dgsspa.com\\\/#\\\/schema\\\/logo\\\/image\\\/\"}}]}<\/script>\r\n<!-- \/ Yoast SEO plugin. -->","yoast_head_json":{"title":"PRIVACY POLICY - DGS Utilities","robots":{"index":"index","follow":"follow","max-snippet":"max-snippet:-1","max-image-preview":"max-image-preview:large","max-video-preview":"max-video-preview:-1"},"canonical":"https:\/\/utilities.dgsspa.com\/index.php\/privacy-policy\/","og_locale":"it_IT","og_type":"article","og_title":"PRIVACY POLICY - DGS Utilities","og_url":"https:\/\/utilities.dgsspa.com\/index.php\/privacy-policy\/","og_site_name":"DGS Utilities","article_modified_time":"2021-05-25T15:23:55+00:00","twitter_card":"summary_large_image","twitter_misc":{"Tempo di lettura stimato":"9 minuti"},"schema":{"@context":"https:\/\/schema.org","@graph":[{"@type":"WebPage","@id":"https:\/\/utilities.dgsspa.com\/index.php\/privacy-policy\/","url":"https:\/\/utilities.dgsspa.com\/index.php\/privacy-policy\/","name":"PRIVACY POLICY - DGS Utilities","isPartOf":{"@id":"https:\/\/utilities.dgsspa.com\/#website"},"datePublished":"2018-10-05T14:39:46+00:00","dateModified":"2021-05-25T15:23:55+00:00","breadcrumb":{"@id":"https:\/\/utilities.dgsspa.com\/index.php\/privacy-policy\/#breadcrumb"},"inLanguage":"it-IT","potentialAction":[{"@type":"ReadAction","target":["https:\/\/utilities.dgsspa.com\/index.php\/privacy-policy\/"]}]},{"@type":"BreadcrumbList","@id":"https:\/\/utilities.dgsspa.com\/index.php\/privacy-policy\/#breadcrumb","itemListElement":[{"@type":"ListItem","position":1,"name":"Home","item":"https:\/\/utilities.dgsspa.com\/"},{"@type":"ListItem","position":2,"name":"PRIVACY POLICY"}]},{"@type":"WebSite","@id":"https:\/\/utilities.dgsspa.com\/#website","url":"https:\/\/utilities.dgsspa.com\/","name":"DGS Utilities","description":"SUITE PER AZIENDE DI DISTRIBUZIONE GAS VENDITA GAS ED ENERGIA ELETTRICA","publisher":{"@id":"https:\/\/utilities.dgsspa.com\/#organization"},"potentialAction":[{"@type":"SearchAction","target":{"@type":"EntryPoint","urlTemplate":"https:\/\/utilities.dgsspa.com\/?s={search_term_string}"},"query-input":{"@type":"PropertyValueSpecification","valueRequired":true,"valueName":"search_term_string"}}],"inLanguage":"it-IT"},{"@type":"Organization","@id":"https:\/\/utilities.dgsspa.com\/#organization","name":"DGS Utilities","url":"https:\/\/utilities.dgsspa.com\/","logo":{"@type":"ImageObject","inLanguage":"it-IT","@id":"https:\/\/utilities.dgsspa.com\/#\/schema\/logo\/image\/","url":"https:\/\/utilities.dgsspa.com\/wp-content\/uploads\/2025\/02\/LOGO_UTILITIES_DARK.jpg","contentUrl":"https:\/\/utilities.dgsspa.com\/wp-content\/uploads\/2025\/02\/LOGO_UTILITIES_DARK.jpg","width":1920,"height":1080,"caption":"DGS Utilities"},"image":{"@id":"https:\/\/utilities.dgsspa.com\/#\/schema\/logo\/image\/"}}]}},"_links":{"self":[{"href":"https:\/\/utilities.dgsspa.com\/index.php\/wp-json\/wp\/v2\/pages\/3","targetHints":{"allow":["GET"]}}],"collection":[{"href":"https:\/\/utilities.dgsspa.com\/index.php\/wp-json\/wp\/v2\/pages"}],"about":[{"href":"https:\/\/utilities.dgsspa.com\/index.php\/wp-json\/wp\/v2\/types\/page"}],"author":[{"embeddable":true,"href":"https:\/\/utilities.dgsspa.com\/index.php\/wp-json\/wp\/v2\/users\/1"}],"replies":[{"embeddable":true,"href":"https:\/\/utilities.dgsspa.com\/index.php\/wp-json\/wp\/v2\/comments?post=3"}],"version-history":[{"count":1,"href":"https:\/\/utilities.dgsspa.com\/index.php\/wp-json\/wp\/v2\/pages\/3\/revisions"}],"predecessor-version":[{"id":8396,"href":"https:\/\/utilities.dgsspa.com\/index.php\/wp-json\/wp\/v2\/pages\/3\/revisions\/8396"}],"wp:attachment":[{"href":"https:\/\/utilities.dgsspa.com\/index.php\/wp-json\/wp\/v2\/media?parent=3"}],"curies":[{"name":"wp","href":"https:\/\/api.w.org\/{rel}","templated":true}]}}