{"id":3875,"date":"2019-06-05T11:37:03","date_gmt":"2019-06-05T09:37:03","guid":{"rendered":"http:\/\/utilities.dgsspa.com\/VetrinaUtilities\/?page_id=3875"},"modified":"2025-03-31T17:43:09","modified_gmt":"2025-03-31T15:43:09","slug":"utilities-piattaforma-per-aziende-di-distribuzione-gas","status":"publish","type":"page","link":"https:\/\/utilities.dgsspa.com\/index.php\/utilities-piattaforma-per-aziende-di-distribuzione-gas\/","title":{"rendered":"UTILITIES"},"content":{"rendered":"<div id='layer_slider_1'  class='avia-layerslider main_color avia-shadow  avia-builder-el-0  el_before_av_section  avia-builder-el-first  container_wrap sidebar_right'  style='height: 501px; max-width: 1300px; margin: 0 auto;'  ><\/div>\n\n<style type=\"text\/css\" data-created_by=\"avia_inline_auto\" id=\"style-css-av-jxdb3ue3-a40690904780f16786381bc16cf6ee9d\">\n.avia-section.av-jxdb3ue3-a40690904780f16786381bc16cf6ee9d{\nbackground-color:#ededed;\nbackground-image:unset;\n}\n<\/style>\n<div id='av_section_1'  class='avia-section av-jxdb3ue3-a40690904780f16786381bc16cf6ee9d main_color avia-section-large avia-no-border-styling  avia-builder-el-1  el_after_av_layerslider  el_before_av_section  avia-bg-style-scroll container_wrap sidebar_right'  ><div class='container av-section-cont-open' ><div class='template-page content  av-content-small alpha units'><div class='post-entry post-entry-type-page post-entry-3875'><div class='entry-content-wrapper clearfix'>\n\n<style type=\"text\/css\" data-created_by=\"avia_inline_auto\" id=\"style-css-av-2iqjkz-c1e8927c41515a3e6f92cb27e8054773\">\n.flex_column.av-2iqjkz-c1e8927c41515a3e6f92cb27e8054773{\nborder-radius:0px 0px 0px 0px;\npadding:0px 0px 0px 0px;\n}\n<\/style>\n<div  class='flex_column av-2iqjkz-c1e8927c41515a3e6f92cb27e8054773 av_one_full  avia-builder-el-2  avia-builder-el-no-sibling  first flex_column_div av-zero-column-padding  '     ><p>\n<style type=\"text\/css\" data-created_by=\"avia_inline_auto\" id=\"style-css-av-jy41i70l-00c0e9fa2f7cb357e532a49367e61c29\">\n#top .av-special-heading.av-jy41i70l-00c0e9fa2f7cb357e532a49367e61c29{\npadding-bottom:10px;\ncolor:#4f4b4a;\nfont-size:32px;\n}\nbody .av-special-heading.av-jy41i70l-00c0e9fa2f7cb357e532a49367e61c29 .av-special-heading-tag .heading-char{\nfont-size:25px;\n}\n#top #wrap_all .av-special-heading.av-jy41i70l-00c0e9fa2f7cb357e532a49367e61c29 .av-special-heading-tag{\nfont-size:32px;\n}\n.av-special-heading.av-jy41i70l-00c0e9fa2f7cb357e532a49367e61c29 .special-heading-inner-border{\nborder-color:#4f4b4a;\n}\n.av-special-heading.av-jy41i70l-00c0e9fa2f7cb357e532a49367e61c29 .av-subheading{\nfont-size:15px;\n}\n\n@media only screen and (min-width: 480px) and (max-width: 767px){ \n#top #wrap_all .av-special-heading.av-jy41i70l-00c0e9fa2f7cb357e532a49367e61c29 .av-special-heading-tag{\nfont-size:0.8em;\n}\n}\n\n@media only screen and (max-width: 479px){ \n#top #wrap_all .av-special-heading.av-jy41i70l-00c0e9fa2f7cb357e532a49367e61c29 .av-special-heading-tag{\nfont-size:0.8em;\n}\n}\n<\/style>\n<div  class='av-special-heading av-jy41i70l-00c0e9fa2f7cb357e532a49367e61c29 av-special-heading-h3 custom-color-heading blockquote modern-quote modern-centered  avia-builder-el-3  el_before_av_hr  avia-builder-el-first  av-inherit-size av-linked-heading'><h3 class='av-special-heading-tag '  >UTILITIES<\/h3><div class=\"special-heading-border\"><div class=\"special-heading-inner-border\"><\/div><\/div><\/div><br \/>\n\n<style type=\"text\/css\" data-created_by=\"avia_inline_auto\" id=\"style-css-av-jxee86jq-11e4e5fbfb30a32eb93b5efffeb815f2\">\n#top .hr.av-jxee86jq-11e4e5fbfb30a32eb93b5efffeb815f2{\nmargin-top:10px;\nmargin-bottom:18px;\n}\n.hr.av-jxee86jq-11e4e5fbfb30a32eb93b5efffeb815f2 .hr-inner{\nwidth:70px;\nborder-color:#4f4b4a;\n}\n<\/style>\n<div  class='hr av-jxee86jq-11e4e5fbfb30a32eb93b5efffeb815f2 hr-custom  avia-builder-el-4  el_after_av_heading  el_before_av_textblock  hr-center hr-icon-no'><span class='hr-inner inner-border-av-border-thin'><span class=\"hr-inner-style\"><\/span><\/span><\/div><br \/>\n\n<style type=\"text\/css\" data-created_by=\"avia_inline_auto\" id=\"style-css-av-jwg94djo-c1ff729df1eeb850b5738237d8198f1f\">\n#top .av_textblock_section.av-jwg94djo-c1ff729df1eeb850b5738237d8198f1f .avia_textblock{\ncolor:#555555;\n}\n<\/style>\n<section  class='av_textblock_section av-jwg94djo-c1ff729df1eeb850b5738237d8198f1f '  ><div class='avia_textblock av_inherit_color' ><p style=\"text-align: center;\">Utilities \u00e8 la piattaforma di soluzioni semplice e modulare interamente sviluppata da DGS in risposta alle esigenze delle societ\u00e0 operanti nel mercato delle Utilities, che consente la gestione di tutte le principali attivit\u00e0 connesse ai servizi di Distribuzione del Gas e di Vendita di Gas ed Energia Elettrica nel pieno rispetto della normativa vigente.<\/p>\n<\/div><\/section><\/p><\/div>\n\n<\/div><\/div><\/div><!-- close content main div --><\/div><\/div>\n<style type=\"text\/css\" data-created_by=\"avia_inline_auto\" id=\"style-css-av-jxefcne6-548c6a069a0b7ca3e36a425c1a2c42e3\">\n.avia-section.av-jxefcne6-548c6a069a0b7ca3e36a425c1a2c42e3 .av-extra-border-element .av-extra-border-inner{\nbackground-color:#ffffff;\n}\n<\/style>\n<div id='av_section_2'  class='avia-section av-jxefcne6-548c6a069a0b7ca3e36a425c1a2c42e3 main_color avia-section-large avia-no-border-styling  avia-builder-el-6  el_after_av_section  el_before_av_section  avia-bg-style-scroll av-arrow-down-section container_wrap sidebar_right'  ><div class='container av-section-cont-open' ><div class='template-page content  av-content-small alpha units'><div class='post-entry post-entry-type-page post-entry-3875'><div class='entry-content-wrapper clearfix'>\n\n<style type=\"text\/css\" data-created_by=\"avia_inline_auto\" id=\"style-css-av-2js1w3-db863fb2f2c3daee3173f0f7a48fd413\">\n.flex_column.av-2js1w3-db863fb2f2c3daee3173f0f7a48fd413{\nborder-radius:0px 0px 0px 0px;\npadding:0px 0px 0px 0px;\n}\n<\/style>\n<div  class='flex_column av-2js1w3-db863fb2f2c3daee3173f0f7a48fd413 av_three_fifth  avia-builder-el-7  el_before_av_two_fifth  avia-builder-el-first  first flex_column_div av-zero-column-padding  '     ><section  class='av_textblock_section av-jxeferiq-470ab957bf65bdadff30fba044364552 '  ><div class='avia_textblock' ><p style=\"text-align: justify;\">Il processo di liberalizzazione dei mercati del gas e dell\u2019energia elettrica sta generando profonde trasformazioni nella gestione delle aziende che erogano servizi nel settore.<\/p>\n<p style=\"text-align: justify;\">In particolare, la <strong>separazione funzionale (unbundling)<\/strong> tra Azienda di Distribuzione e Azienda di Vendita di gas ed energia elettrica, sancita dall\u2019Autorit\u00e0 di Regolazione per Energia Reti e Ambiente (<strong>ARERA<\/strong>) con Delibera 296\/2015\/R\/COM, implica l\u2019utilizzo di <strong>soluzioni software distinte<\/strong> e separate nella gestione dei rispettivi servizi.<\/p>\n<p style=\"text-align: justify;\">A supporto di questi cambiamenti entrano in gioco le soluzioni <strong>Utilities Distribution Platform<\/strong> ed <strong>Utilities Selling Platform<\/strong>, due suite software dedicate rispettivamente alle <strong>Aziende di Distribuzione e di Vendita<\/strong>, in grado di assicurare modelli di <strong>business diversificati<\/strong> e non pi\u00f9 compatibili in unico sistema.<\/p>\n<p style=\"text-align: justify;\">Entrambe le soluzioni sono state sviluppate come <strong>piattaforma web moderna e dinamica<\/strong>, non \u00e8 difatti richiesta alcuna installazione sui Client essendo eseguite direttamente sull\u2019application server e su DB Server. Il sistema permette inoltre di navigare facilmente ed in maniera intuitiva secondo i pi\u00f9 diffusi standard di operativit\u00e0.<\/p>\n<p style=\"text-align: justify;\">La possibilit\u00e0 di avere per entrambe le piattaforme la soluzione <strong>InCloud<\/strong> e <strong>OnPremise<\/strong> rende Utilities scalabile ed adattabile alle esigenze delle singole Aziende. La struttura a moduli consente <strong>l\u2019integrazione con prodotti terzi<\/strong> attraverso connettori software. Utilities si integra inoltre con altri gestionali quali: contabilit\u00e0, protocollo informatico (gestione documentale), applicazioni su dispositivi mobile.<\/p>\n<p style=\"text-align: justify;\">Le potenzialit\u00e0 di Utilities sono garantite dall\u2019esperienza e dalla professionalit\u00e0 settoriali e ventennali del nostro team.<\/p>\n<\/div><\/section><\/div>\n<style type=\"text\/css\" data-created_by=\"avia_inline_auto\" id=\"style-css-av-2js1w3-1-3bd29c7b2a911de9262c1fcb70d42a32\">\n.flex_column.av-2js1w3-1-3bd29c7b2a911de9262c1fcb70d42a32{\nborder-radius:0px 0px 0px 0px;\npadding:40px 0px 0px 0px;\n}\n<\/style>\n<div  class='flex_column av-2js1w3-1-3bd29c7b2a911de9262c1fcb70d42a32 av_two_fifth  avia-builder-el-9  el_after_av_three_fifth  avia-builder-el-last  flex_column_div  '     ><style type=\"text\/css\" data-created_by=\"avia_inline_auto\" id=\"style-css-av-k2q9njz0-78c08085bc909fc0d749a085599151df\">\n.avia-image-container.av-k2q9njz0-78c08085bc909fc0d749a085599151df img.avia_image{\nbox-shadow:none;\n}\n.avia-image-container.av-k2q9njz0-78c08085bc909fc0d749a085599151df .av-image-caption-overlay-center{\ncolor:#ffffff;\n}\n<\/style>\n<div  class='avia-image-container av-k2q9njz0-78c08085bc909fc0d749a085599151df av-styling- avia-align-center  avia-builder-el-10  avia-builder-el-no-sibling '  ><div class=\"avia-image-container-inner\"><div class=\"avia-image-overlay-wrap\"><img  title=\"\"  alt=\"Progetto-senza-titolo-15 UTILITIES\" decoding=\"async\" fetchpriority=\"high\" class='wp-image-8521 avia-img-lazy-loading-not-8521 avia_image ' src=\"https:\/\/utilities.dgsspa.com\/wp-content\/uploads\/2025\/03\/Progetto-senza-titolo-15.png\" alt='' title='Progetto senza titolo (15)'  height=\"906\" width=\"1000\" srcset=\"https:\/\/utilities.dgsspa.com\/wp-content\/uploads\/2025\/03\/Progetto-senza-titolo-15.png 1000w, https:\/\/utilities.dgsspa.com\/wp-content\/uploads\/2025\/03\/Progetto-senza-titolo-15-300x272.png 300w, https:\/\/utilities.dgsspa.com\/wp-content\/uploads\/2025\/03\/Progetto-senza-titolo-15-768x696.png 768w, https:\/\/utilities.dgsspa.com\/wp-content\/uploads\/2025\/03\/Progetto-senza-titolo-15-705x639.png 705w\" sizes=\"(max-width: 1000px) 100vw, 1000px\" \/><\/div><\/div><\/div><\/div><\/div><\/div><\/div><!-- close content main div --><\/div><div class='av-extra-border-element border-extra-arrow-down'><div class='av-extra-border-outer'><div class='av-extra-border-inner'><\/div><\/div><\/div><\/div>\n<style type=\"text\/css\" data-created_by=\"avia_inline_auto\" id=\"style-css-av-jwbrew84-d24b01dd71af7063558c36886c242129\">\n.avia-section.av-jwbrew84-d24b01dd71af7063558c36886c242129{\nbackground-repeat:no-repeat;\nbackground-image:url(https:\/\/utilities.dgsspa.com\/wp-content\/uploads\/2019\/11\/iStock-1026400680_Schermata-1030x688.jpg);\nbackground-position:50% 50%;\nbackground-attachment:scroll;\n}\n.avia-section.av-jwbrew84-d24b01dd71af7063558c36886c242129 .av-section-color-overlay{\nopacity:0.7;\nbackground-color:#000000;\n}\n<\/style>\n<div id='av_section_3'  class='avia-section av-jwbrew84-d24b01dd71af7063558c36886c242129 footer_color avia-section-default avia-no-border-styling  avia-builder-el-11  el_after_av_section  avia-builder-el-last  avia-full-stretch avia-bg-style-scroll av-section-color-overlay-active av-minimum-height av-minimum-height-custom av-height-custom  container_wrap sidebar_right'  data-section-bg-repeat='stretch' data-av_minimum_height_px='500'><div class=\"av-section-color-overlay-wrap\"><div class=\"av-section-color-overlay\"><\/div><div class='container av-section-cont-open' style='height:500px'><div class='template-page content  av-content-small alpha units'><div class='post-entry post-entry-type-page post-entry-3875'><div class='entry-content-wrapper clearfix'>\n\n<style type=\"text\/css\" data-created_by=\"avia_inline_auto\" id=\"style-css-av-34zxw3-5c021489449c0be441cbe6209f5818d9\">\n#top .av-special-heading.av-34zxw3-5c021489449c0be441cbe6209f5818d9{\npadding-bottom:10px;\nfont-size:32px;\n}\nbody .av-special-heading.av-34zxw3-5c021489449c0be441cbe6209f5818d9 .av-special-heading-tag .heading-char{\nfont-size:25px;\n}\n#top #wrap_all .av-special-heading.av-34zxw3-5c021489449c0be441cbe6209f5818d9 .av-special-heading-tag{\nfont-size:32px;\n}\n.av-special-heading.av-34zxw3-5c021489449c0be441cbe6209f5818d9 .av-subheading{\nfont-size:15px;\n}\n\n@media only screen and (min-width: 480px) and (max-width: 767px){ \n#top #wrap_all .av-special-heading.av-34zxw3-5c021489449c0be441cbe6209f5818d9 .av-special-heading-tag{\nfont-size:0.8em;\n}\n}\n\n@media only screen and (max-width: 479px){ \n#top #wrap_all .av-special-heading.av-34zxw3-5c021489449c0be441cbe6209f5818d9 .av-special-heading-tag{\nfont-size:0.8em;\n}\n}\n<\/style>\n<div  class='av-special-heading av-34zxw3-5c021489449c0be441cbe6209f5818d9 av-special-heading-h2 blockquote modern-quote modern-centered  avia-builder-el-12  el_before_av_hr  avia-builder-el-first  av-inherit-size'><h2 class='av-special-heading-tag '  >SCOPRI LE NOSTRE SOLUZIONI<\/h2><div class=\"special-heading-border\"><div class=\"special-heading-inner-border\"><\/div><\/div><\/div>\n\n<style type=\"text\/css\" data-created_by=\"avia_inline_auto\" id=\"style-css-av-jx3a5p29-a340a25920d600b47b5d2afc69c7f2f7\">\n#top .hr.hr-invisible.av-jx3a5p29-a340a25920d600b47b5d2afc69c7f2f7{\nheight:25PXpx;\n}\n<\/style>\n<div  class='hr av-jx3a5p29-a340a25920d600b47b5d2afc69c7f2f7 hr-invisible  avia-builder-el-13  el_after_av_heading  el_before_av_buttonrow '><span class='hr-inner '><span class=\"hr-inner-style\"><\/span><\/span><\/div>\n<div  class='avia-buttonrow-wrap av-jy5ws5s6-3be675f16a2bc9ec0d15aacfb1a8c796 avia-buttonrow-center  avia-builder-el-14  el_after_av_hr  avia-builder-el-last '>\n\n<style type=\"text\/css\" data-created_by=\"avia_inline_auto\" id=\"style-css-av-44yb43-91bb104025423e0e355e35bcbfdd86ac\">\n#top #wrap_all .avia-button.av-44yb43-91bb104025423e0e355e35bcbfdd86ac{\nmargin-bottom:25px;\nmargin-right:13px;\nmargin-left:13px;\n}\n<\/style>\n<a href='https:\/\/utilities.dgsspa.com\/index.php\/utilities-distribution-platform-suite-per-societa-di-distribuzione-del-gas\/'  class='avia-button av-44yb43-91bb104025423e0e355e35bcbfdd86ac avia-icon_select-no avia-size-large avia-color-aqua'  target=\"_blank\"  rel=\"noopener noreferrer\"  aria-label=\"UTILITIES DISTRIBUTION&lt;br \/&gt;\nPLATFORM\"><span class='avia_iconbox_title' >UTILITIES DISTRIBUTION<br \/>\nPLATFORM<\/span><\/a>\n\n<style type=\"text\/css\" data-created_by=\"avia_inline_auto\" id=\"style-css-av-2mt5cz-d41485b73813293f3f4e8a21d4bd50e1\">\n#top #wrap_all .avia-button.av-2mt5cz-d41485b73813293f3f4e8a21d4bd50e1{\nmargin-bottom:25px;\nmargin-right:13px;\nmargin-left:13px;\n}\n<\/style>\n<a href='https:\/\/utilities.dgsspa.com\/index.php\/utilities-selling-platform-suite-per-aziende-di-vendita-dellenergia-elettrica\/'  class='avia-button av-2mt5cz-d41485b73813293f3f4e8a21d4bd50e1 avia-icon_select-no avia-size-large avia-color-teal'  target=\"_blank\"  rel=\"noopener noreferrer\"  aria-label=\"UTILITIES SELLING&lt;br \/&gt;\nPLATFORM\"><span class='avia_iconbox_title' >UTILITIES SELLING<br \/>\nPLATFORM<\/span><\/a>\n<\/div>\n<\/div><\/div><\/div><!-- close content main div --><\/div><\/div><\/div><div id='after_section_3'  class='main_color av_default_container_wrap container_wrap sidebar_right'  ><div class='container av-section-cont-open' ><div class='template-page content  av-content-small alpha units'><div class='post-entry post-entry-type-page post-entry-3875'><div class='entry-content-wrapper clearfix'><\/p>\n","protected":false},"excerpt":{"rendered":"","protected":false},"author":2,"featured_media":0,"parent":0,"menu_order":0,"comment_status":"closed","ping_status":"closed","template":"","meta":{"footnotes":""},"class_list":["post-3875","page","type-page","status-publish","hentry"],"yoast_head":"<!-- This site is optimized with the Yoast SEO plugin v27.6 - https:\/\/yoast.com\/product\/yoast-seo-wordpress\/ -->\r\n<title>Utilities | Suite per Aziende di Distribuzione Gas e Vendita Gas ed Energia<\/title>\r\n<meta name=\"description\" content=\"La piattaforma di soluzioni semplice e flessibile interamente sviluppata da DGS in risposta alle esigenze delle societ\u00e0 operanti nel mercato delle utilities.\" \/>\r\n<meta name=\"robots\" content=\"index, follow, max-snippet:-1, max-image-preview:large, max-video-preview:-1\" \/>\r\n<link rel=\"canonical\" href=\"https:\/\/utilities.dgsspa.com\/index.php\/utilities-piattaforma-per-aziende-di-distribuzione-gas\/\" \/>\r\n<meta property=\"og:locale\" content=\"it_IT\" \/>\r\n<meta property=\"og:type\" content=\"article\" \/>\r\n<meta property=\"og:title\" content=\"Utilities | Suite per Aziende di Distribuzione Gas e Vendita Gas ed Energia\" \/>\r\n<meta property=\"og:description\" content=\"La piattaforma di soluzioni semplice e flessibile interamente sviluppata da DGS in risposta alle esigenze delle societ\u00e0 operanti nel mercato delle utilities.\" \/>\r\n<meta property=\"og:url\" content=\"https:\/\/utilities.dgsspa.com\/index.php\/utilities-piattaforma-per-aziende-di-distribuzione-gas\/\" \/>\r\n<meta property=\"og:site_name\" content=\"DGS Utilities\" \/>\r\n<meta property=\"article:modified_time\" content=\"2025-03-31T15:43:09+00:00\" \/>\r\n<meta name=\"twitter:card\" content=\"summary_large_image\" \/>\r\n<script type=\"application\/ld+json\" class=\"yoast-schema-graph\">{\"@context\":\"https:\\\/\\\/schema.org\",\"@graph\":[{\"@type\":\"WebPage\",\"@id\":\"https:\\\/\\\/utilities.dgsspa.com\\\/index.php\\\/utilities-piattaforma-per-aziende-di-distribuzione-gas\\\/\",\"url\":\"https:\\\/\\\/utilities.dgsspa.com\\\/index.php\\\/utilities-piattaforma-per-aziende-di-distribuzione-gas\\\/\",\"name\":\"Utilities | Suite per Aziende di Distribuzione Gas e Vendita Gas ed Energia\",\"isPartOf\":{\"@id\":\"https:\\\/\\\/utilities.dgsspa.com\\\/#website\"},\"datePublished\":\"2019-06-05T09:37:03+00:00\",\"dateModified\":\"2025-03-31T15:43:09+00:00\",\"description\":\"La piattaforma di soluzioni semplice e flessibile interamente sviluppata da DGS in risposta alle esigenze delle societ\u00e0 operanti nel mercato delle utilities.\",\"breadcrumb\":{\"@id\":\"https:\\\/\\\/utilities.dgsspa.com\\\/index.php\\\/utilities-piattaforma-per-aziende-di-distribuzione-gas\\\/#breadcrumb\"},\"inLanguage\":\"it-IT\",\"potentialAction\":[{\"@type\":\"ReadAction\",\"target\":[\"https:\\\/\\\/utilities.dgsspa.com\\\/index.php\\\/utilities-piattaforma-per-aziende-di-distribuzione-gas\\\/\"]}]},{\"@type\":\"BreadcrumbList\",\"@id\":\"https:\\\/\\\/utilities.dgsspa.com\\\/index.php\\\/utilities-piattaforma-per-aziende-di-distribuzione-gas\\\/#breadcrumb\",\"itemListElement\":[{\"@type\":\"ListItem\",\"position\":1,\"name\":\"Home\",\"item\":\"https:\\\/\\\/utilities.dgsspa.com\\\/\"},{\"@type\":\"ListItem\",\"position\":2,\"name\":\"UTILITIES\"}]},{\"@type\":\"WebSite\",\"@id\":\"https:\\\/\\\/utilities.dgsspa.com\\\/#website\",\"url\":\"https:\\\/\\\/utilities.dgsspa.com\\\/\",\"name\":\"DGS Utilities\",\"description\":\"SUITE PER AZIENDE DI DISTRIBUZIONE GAS VENDITA GAS ED ENERGIA ELETTRICA\",\"publisher\":{\"@id\":\"https:\\\/\\\/utilities.dgsspa.com\\\/#organization\"},\"potentialAction\":[{\"@type\":\"SearchAction\",\"target\":{\"@type\":\"EntryPoint\",\"urlTemplate\":\"https:\\\/\\\/utilities.dgsspa.com\\\/?s={search_term_string}\"},\"query-input\":{\"@type\":\"PropertyValueSpecification\",\"valueRequired\":true,\"valueName\":\"search_term_string\"}}],\"inLanguage\":\"it-IT\"},{\"@type\":\"Organization\",\"@id\":\"https:\\\/\\\/utilities.dgsspa.com\\\/#organization\",\"name\":\"DGS Utilities\",\"url\":\"https:\\\/\\\/utilities.dgsspa.com\\\/\",\"logo\":{\"@type\":\"ImageObject\",\"inLanguage\":\"it-IT\",\"@id\":\"https:\\\/\\\/utilities.dgsspa.com\\\/#\\\/schema\\\/logo\\\/image\\\/\",\"url\":\"https:\\\/\\\/utilities.dgsspa.com\\\/wp-content\\\/uploads\\\/2025\\\/02\\\/LOGO_UTILITIES_DARK.jpg\",\"contentUrl\":\"https:\\\/\\\/utilities.dgsspa.com\\\/wp-content\\\/uploads\\\/2025\\\/02\\\/LOGO_UTILITIES_DARK.jpg\",\"width\":1920,\"height\":1080,\"caption\":\"DGS Utilities\"},\"image\":{\"@id\":\"https:\\\/\\\/utilities.dgsspa.com\\\/#\\\/schema\\\/logo\\\/image\\\/\"}}]}<\/script>\r\n<!-- \/ Yoast SEO plugin. -->","yoast_head_json":{"title":"Utilities | Suite per Aziende di Distribuzione Gas e Vendita Gas ed Energia","description":"La piattaforma di soluzioni semplice e flessibile interamente sviluppata da DGS in risposta alle esigenze delle societ\u00e0 operanti nel mercato delle utilities.","robots":{"index":"index","follow":"follow","max-snippet":"max-snippet:-1","max-image-preview":"max-image-preview:large","max-video-preview":"max-video-preview:-1"},"canonical":"https:\/\/utilities.dgsspa.com\/index.php\/utilities-piattaforma-per-aziende-di-distribuzione-gas\/","og_locale":"it_IT","og_type":"article","og_title":"Utilities | Suite per Aziende di Distribuzione Gas e Vendita Gas ed Energia","og_description":"La piattaforma di soluzioni semplice e flessibile interamente sviluppata da DGS in risposta alle esigenze delle societ\u00e0 operanti nel mercato delle utilities.","og_url":"https:\/\/utilities.dgsspa.com\/index.php\/utilities-piattaforma-per-aziende-di-distribuzione-gas\/","og_site_name":"DGS Utilities","article_modified_time":"2025-03-31T15:43:09+00:00","twitter_card":"summary_large_image","schema":{"@context":"https:\/\/schema.org","@graph":[{"@type":"WebPage","@id":"https:\/\/utilities.dgsspa.com\/index.php\/utilities-piattaforma-per-aziende-di-distribuzione-gas\/","url":"https:\/\/utilities.dgsspa.com\/index.php\/utilities-piattaforma-per-aziende-di-distribuzione-gas\/","name":"Utilities | Suite per Aziende di Distribuzione Gas e Vendita Gas ed Energia","isPartOf":{"@id":"https:\/\/utilities.dgsspa.com\/#website"},"datePublished":"2019-06-05T09:37:03+00:00","dateModified":"2025-03-31T15:43:09+00:00","description":"La piattaforma di soluzioni semplice e flessibile interamente sviluppata da DGS in risposta alle esigenze delle societ\u00e0 operanti nel mercato delle utilities.","breadcrumb":{"@id":"https:\/\/utilities.dgsspa.com\/index.php\/utilities-piattaforma-per-aziende-di-distribuzione-gas\/#breadcrumb"},"inLanguage":"it-IT","potentialAction":[{"@type":"ReadAction","target":["https:\/\/utilities.dgsspa.com\/index.php\/utilities-piattaforma-per-aziende-di-distribuzione-gas\/"]}]},{"@type":"BreadcrumbList","@id":"https:\/\/utilities.dgsspa.com\/index.php\/utilities-piattaforma-per-aziende-di-distribuzione-gas\/#breadcrumb","itemListElement":[{"@type":"ListItem","position":1,"name":"Home","item":"https:\/\/utilities.dgsspa.com\/"},{"@type":"ListItem","position":2,"name":"UTILITIES"}]},{"@type":"WebSite","@id":"https:\/\/utilities.dgsspa.com\/#website","url":"https:\/\/utilities.dgsspa.com\/","name":"DGS Utilities","description":"SUITE PER AZIENDE DI DISTRIBUZIONE GAS VENDITA GAS ED ENERGIA ELETTRICA","publisher":{"@id":"https:\/\/utilities.dgsspa.com\/#organization"},"potentialAction":[{"@type":"SearchAction","target":{"@type":"EntryPoint","urlTemplate":"https:\/\/utilities.dgsspa.com\/?s={search_term_string}"},"query-input":{"@type":"PropertyValueSpecification","valueRequired":true,"valueName":"search_term_string"}}],"inLanguage":"it-IT"},{"@type":"Organization","@id":"https:\/\/utilities.dgsspa.com\/#organization","name":"DGS Utilities","url":"https:\/\/utilities.dgsspa.com\/","logo":{"@type":"ImageObject","inLanguage":"it-IT","@id":"https:\/\/utilities.dgsspa.com\/#\/schema\/logo\/image\/","url":"https:\/\/utilities.dgsspa.com\/wp-content\/uploads\/2025\/02\/LOGO_UTILITIES_DARK.jpg","contentUrl":"https:\/\/utilities.dgsspa.com\/wp-content\/uploads\/2025\/02\/LOGO_UTILITIES_DARK.jpg","width":1920,"height":1080,"caption":"DGS Utilities"},"image":{"@id":"https:\/\/utilities.dgsspa.com\/#\/schema\/logo\/image\/"}}]}},"_links":{"self":[{"href":"https:\/\/utilities.dgsspa.com\/index.php\/wp-json\/wp\/v2\/pages\/3875","targetHints":{"allow":["GET"]}}],"collection":[{"href":"https:\/\/utilities.dgsspa.com\/index.php\/wp-json\/wp\/v2\/pages"}],"about":[{"href":"https:\/\/utilities.dgsspa.com\/index.php\/wp-json\/wp\/v2\/types\/page"}],"author":[{"embeddable":true,"href":"https:\/\/utilities.dgsspa.com\/index.php\/wp-json\/wp\/v2\/users\/2"}],"replies":[{"embeddable":true,"href":"https:\/\/utilities.dgsspa.com\/index.php\/wp-json\/wp\/v2\/comments?post=3875"}],"version-history":[{"count":6,"href":"https:\/\/utilities.dgsspa.com\/index.php\/wp-json\/wp\/v2\/pages\/3875\/revisions"}],"predecessor-version":[{"id":8674,"href":"https:\/\/utilities.dgsspa.com\/index.php\/wp-json\/wp\/v2\/pages\/3875\/revisions\/8674"}],"wp:attachment":[{"href":"https:\/\/utilities.dgsspa.com\/index.php\/wp-json\/wp\/v2\/media?parent=3875"}],"curies":[{"name":"wp","href":"https:\/\/api.w.org\/{rel}","templated":true}]}}